{"id":3,"date":"2023-12-13T22:51:16","date_gmt":"2023-12-13T22:51:16","guid":{"rendered":"https:\/\/constantinecymbalsspain.es\/?page_id=3"},"modified":"2024-02-17T19:26:08","modified_gmt":"2024-02-17T18:26:08","slug":"privacy-policy","status":"publish","type":"page","link":"https:\/\/constantinecymbalsspain.es\/?page_id=3","title":{"rendered":"Privacy Policy"},"content":{"rendered":"\t\t<div data-elementor-type=\"wp-page\" data-elementor-id=\"3\" class=\"elementor elementor-3\">\n\t\t\t\t<div class=\"elementor-element elementor-element-431b4084 e-flex e-con-boxed e-con e-parent\" data-id=\"431b4084\" data-element_type=\"container\">\n\t\t\t\t\t<div class=\"e-con-inner\">\n\t\t\t\t<div class=\"elementor-element elementor-element-7134d4a4 elementor-widget elementor-widget-text-editor\" data-id=\"7134d4a4\" data-element_type=\"widget\" data-widget_type=\"text-editor.default\">\n\t\t\t\t<div class=\"elementor-widget-container\">\n\t\t\t\t\t\t\t\t\t<p><\/p>\n<p>Fecha de entrada en vigor: 2023<\/p>\n<p>Constantine Cymbals se compromete a proteger la privacidad de la informaci\u00f3n personal que pueda proporcionar mientras utiliza nuestro sitio web, Constantine Cymbals. Esta Pol\u00edtica de Privacidad describe c\u00f3mo recopilamos, utilizamos y compartimos su informaci\u00f3n personal cuando visita nuestro Sitio.<\/p>\n<p><strong>1. Informaci\u00f3n que Recopilamos:<\/strong><\/p>\n<p>1.1. <strong>Informaci\u00f3n Personal:<\/strong><\/p>\n<ul>\n<li>Nombre.<\/li>\n<li>Direcci\u00f3n de correo electr\u00f3nico.<\/li>\n<li>Informaci\u00f3n de contacto.<\/li>\n<\/ul>\n<p>1.2. <strong>Informaci\u00f3n Autom\u00e1tica:<\/strong><\/p>\n<ul>\n<li>Datos del dispositivo, como la direcci\u00f3n IP, tipo de navegador y sistema operativo.<\/li>\n<li>Datos de uso del sitio web.<\/li>\n<\/ul>\n<p><strong>2. Uso de la Informaci\u00f3n:<\/strong><\/p>\n<p>Utilizamos la informaci\u00f3n recopilada para:<\/p>\n<ul>\n<li>Procesar y gestionar pedidos.<\/li>\n<li>Mejorar y personalizar la experiencia del usuario en nuestro Sitio.<\/li>\n<li>Enviar actualizaciones sobre productos, promociones y eventos.<\/li>\n<\/ul>\n<p><strong>3. Compartir Informaci\u00f3n:<\/strong><\/p>\n<p>No vendemos ni alquilamos su informaci\u00f3n personal a terceros. Compartimos informaci\u00f3n solo en las siguientes circunstancias:<\/p>\n<ul>\n<li>Con proveedores de servicios que nos ayudan en la operaci\u00f3n del Sitio.<\/li>\n<li>Cuando sea necesario cumplir con la ley o proteger nuestros derechos.<\/li>\n<\/ul>\n<p><strong>4. Cookies y Tecnolog\u00edas Similares:<\/strong><\/p>\n<p>Utilizamos cookies y tecnolog\u00edas similares para recopilar informaci\u00f3n sobre el uso del Sitio. Puede ajustar la configuraci\u00f3n de su navegador para rechazar cookies, pero esto puede afectar la funcionalidad del Sitio.<\/p>\n<p><strong>5. Seguridad:<\/strong><\/p>\n<p>Implementamos medidas de seguridad para proteger su informaci\u00f3n personal. Sin embargo, tenga en cuenta que ninguna transmisi\u00f3n de datos por Internet es completamente segura.<\/p>\n<p><strong>6. Enlaces a Terceros:<\/strong><\/p>\n<p>Nuestro Sitio puede contener enlaces a sitios web de terceros. No somos responsables de las pr\u00e1cticas de privacidad de esos sitios y le recomendamos que revise sus pol\u00edticas de privacidad.<\/p>\n<p><strong>7. Cambios en la Pol\u00edtica de Privacidad:<\/strong><\/p>\n<p>Nos reservamos el derecho de actualizar esta Pol\u00edtica de Privacidad en cualquier momento. Se le notificar\u00e1 sobre cambios significativos mediante una notificaci\u00f3n en nuestro Sitio.<\/p>\n<p><strong>8. Contacto:<\/strong><\/p>\n<p>Si tiene preguntas sobre esta Pol\u00edtica de Privacidad, puede comunicarse con nosotros a trav\u00e9s de <a target=\"_new\">constantinecymbalspain@gmail.com<\/a>.<\/p>\n<p>Al utilizar nuestro Sitio, usted acepta los t\u00e9rminos de esta Pol\u00edtica de Privacidad.<\/p>\n<p><\/p>\t\t\t\t\t\t\t\t<\/div>\n\t\t\t\t<\/div>\n\t\t\t\t\t<\/div>\n\t\t\t\t<\/div>\n\t\t\t\t<\/div>\n\t\t","protected":false},"excerpt":{"rendered":"<p>Fecha de entrada en vigor: 2023 Constantine Cymbals se compromete a proteger la privacidad de la informaci\u00f3n personal que pueda proporcionar mientras utiliza nuestro sitio web, Constantine Cymbals. Esta Pol\u00edtica de Privacidad describe c\u00f3mo recopilamos, utilizamos y compartimos su informaci\u00f3n personal cuando visita nuestro Sitio. 1. Informaci\u00f3n que Recopilamos: 1.1. Informaci\u00f3n Personal: Nombre. Direcci\u00f3n de [&hellip;]<\/p>\n","protected":false},"author":1,"featured_media":0,"parent":0,"menu_order":0,"comment_status":"closed","ping_status":"closed","template":"","meta":{"footnotes":""},"class_list":["post-3","page","type-page","status-publish","hentry"],"jetpack_sharing_enabled":true,"_links":{"self":[{"href":"https:\/\/constantinecymbalsspain.es\/index.php?rest_route=\/wp\/v2\/pages\/3","targetHints":{"allow":["GET"]}}],"collection":[{"href":"https:\/\/constantinecymbalsspain.es\/index.php?rest_route=\/wp\/v2\/pages"}],"about":[{"href":"https:\/\/constantinecymbalsspain.es\/index.php?rest_route=\/wp\/v2\/types\/page"}],"author":[{"embeddable":true,"href":"https:\/\/constantinecymbalsspain.es\/index.php?rest_route=\/wp\/v2\/users\/1"}],"replies":[{"embeddable":true,"href":"https:\/\/constantinecymbalsspain.es\/index.php?rest_route=%2Fwp%2Fv2%2Fcomments&post=3"}],"version-history":[{"count":6,"href":"https:\/\/constantinecymbalsspain.es\/index.php?rest_route=\/wp\/v2\/pages\/3\/revisions"}],"predecessor-version":[{"id":132,"href":"https:\/\/constantinecymbalsspain.es\/index.php?rest_route=\/wp\/v2\/pages\/3\/revisions\/132"}],"wp:attachment":[{"href":"https:\/\/constantinecymbalsspain.es\/index.php?rest_route=%2Fwp%2Fv2%2Fmedia&parent=3"}],"curies":[{"name":"wp","href":"https:\/\/api.w.org\/{rel}","templated":true}]}}