{"id":139,"date":"2024-02-17T21:29:09","date_gmt":"2024-02-17T20:29:09","guid":{"rendered":"https:\/\/constantinecymbalsspain.es\/?post_type=product&#038;p=139"},"modified":"2025-10-13T22:17:32","modified_gmt":"2025-10-13T21:17:32","slug":"ride-21-constantine-classic-series","status":"publish","type":"product","link":"https:\/\/constantinecymbalsspain.es\/?product=ride-21-constantine-classic-series","title":{"rendered":"Ride 21&#8243; Constantine Classic Series 2550 gr."},"content":{"rendered":"<p>La Classic Series es la combinaci\u00f3n perfecta de tono c\u00e1lido turco cl\u00e1sico y facilidad de ejecuci\u00f3n moderna. Elaborado con bronce B20 martillado a mano en Turqu\u00eda, este platillo es el estilo m\u00e1s vers\u00e1til que puedas conseguir. Su sonido c\u00e1lido y brillante y su sustain lo convierten en el complemento perfecto para su bater\u00eda. Ya sea que est\u00e9 tocando jazz, rock o blues, la Classic Series le proporcionar\u00e1 el sonido deseado.<\/p>\n<p><iframe title=\"Classic Series MediumThin Ride 21&quot;\" width=\"980\" height=\"551\" data-src=\"https:\/\/www.youtube.com\/embed\/oGwU9q64MLE?feature=oembed\" frameborder=\"0\" allow=\"accelerometer; autoplay; clipboard-write; encrypted-media; gyroscope; picture-in-picture; web-share\" allowfullscreen src=\"data:image\/svg+xml;base64,PHN2ZyB3aWR0aD0iMSIgaGVpZ2h0PSIxIiB4bWxucz0iaHR0cDovL3d3dy53My5vcmcvMjAwMC9zdmciPjwvc3ZnPg==\" class=\"lazyload\" data-load-mode=\"1\"><\/iframe><\/p>\n<p>&nbsp;<\/p>\n","protected":false},"excerpt":{"rendered":"<p>La Classic Series es la combinaci\u00f3n perfecta de tono c\u00e1lido turco cl\u00e1sico y facilidad de ejecuci\u00f3n moderna. Elaborado con bronce B20 martillado a mano en Turqu\u00eda, este platillo es el estilo m\u00e1s vers\u00e1til que puedas conseguir. Su sonido c\u00e1lido y brillante y su sustain lo convierten en el complemento perfecto para su bater\u00eda. Ya sea [&hellip;]<\/p>\n","protected":false},"featured_media":23,"comment_status":"open","ping_status":"closed","template":"","meta":{"wds_primary_product_brand":0,"wds_primary_product_cat":0},"product_brand":[74],"product_cat":[24,62,18],"product_tag":[],"class_list":{"0":"post-139","1":"product","2":"type-product","3":"status-publish","4":"has-post-thumbnail","6":"product_brand-constantine","7":"product_cat-24","8":"product_cat-classic-series","9":"product_cat-ride","11":"first","12":"outofstock","13":"taxable","14":"shipping-taxable","15":"purchasable","16":"product-type-simple"},"jetpack_sharing_enabled":true,"_links":{"self":[{"href":"https:\/\/constantinecymbalsspain.es\/index.php?rest_route=\/wp\/v2\/product\/139","targetHints":{"allow":["GET"]}}],"collection":[{"href":"https:\/\/constantinecymbalsspain.es\/index.php?rest_route=\/wp\/v2\/product"}],"about":[{"href":"https:\/\/constantinecymbalsspain.es\/index.php?rest_route=\/wp\/v2\/types\/product"}],"replies":[{"embeddable":true,"href":"https:\/\/constantinecymbalsspain.es\/index.php?rest_route=%2Fwp%2Fv2%2Fcomments&post=139"}],"wp:featuredmedia":[{"embeddable":true,"href":"https:\/\/constantinecymbalsspain.es\/index.php?rest_route=\/wp\/v2\/media\/23"}],"wp:attachment":[{"href":"https:\/\/constantinecymbalsspain.es\/index.php?rest_route=%2Fwp%2Fv2%2Fmedia&parent=139"}],"wp:term":[{"taxonomy":"product_brand","embeddable":true,"href":"https:\/\/constantinecymbalsspain.es\/index.php?rest_route=%2Fwp%2Fv2%2Fproduct_brand&post=139"},{"taxonomy":"product_cat","embeddable":true,"href":"https:\/\/constantinecymbalsspain.es\/index.php?rest_route=%2Fwp%2Fv2%2Fproduct_cat&post=139"},{"taxonomy":"product_tag","embeddable":true,"href":"https:\/\/constantinecymbalsspain.es\/index.php?rest_route=%2Fwp%2Fv2%2Fproduct_tag&post=139"}],"curies":[{"name":"wp","href":"https:\/\/api.w.org\/{rel}","templated":true}]}}