{"id":220,"date":"2024-02-20T19:36:08","date_gmt":"2024-02-20T18:36:08","guid":{"rendered":"https:\/\/constantinecymbalsspain.es\/?post_type=product&#038;p=220"},"modified":"2025-10-13T22:16:59","modified_gmt":"2025-10-13T21:16:59","slug":"gong-20-star-series-2","status":"publish","type":"product","link":"https:\/\/constantinecymbalsspain.es\/?product=gong-20-star-series-2","title":{"rendered":"Gong 18&#8243; Star series"},"content":{"rendered":"<p>Gong constantine series de 18&#8243; perfecto para m\u00fasica de todo tipo, ya sea cl\u00e1sica, progresiva, rock y\u00a0 m\u00fasica terap\u00e9utica, tocado con mazas o vibraci\u00f3n.<\/p>\n<p>Incluye cord\u00f3n para colgarlo.<\/p>\n<p>No incluye maza de las fotos.<\/p>\n","protected":false},"excerpt":{"rendered":"<p>Gong constantine series de 18&#8243; perfecto para m\u00fasica de todo tipo, ya sea cl\u00e1sica, progresiva, rock y\u00a0 m\u00fasica terap\u00e9utica, tocado con mazas o vibraci\u00f3n. Incluye cord\u00f3n para colgarlo. No incluye maza de las fotos.<\/p>\n","protected":false},"featured_media":213,"comment_status":"open","ping_status":"closed","template":"","meta":{"wds_primary_product_brand":0,"wds_primary_product_cat":0},"product_brand":[74],"product_cat":[30,63,28,29],"product_tag":[],"class_list":{"0":"post-220","1":"product","2":"type-product","3":"status-publish","4":"has-post-thumbnail","6":"product_brand-constantine","7":"product_cat-30","8":"product_cat-oferta","9":"product_cat-gong","10":"product_cat-star","12":"first","13":"instock","14":"sale","15":"taxable","16":"shipping-taxable","17":"purchasable","18":"product-type-simple"},"jetpack_sharing_enabled":true,"_links":{"self":[{"href":"https:\/\/constantinecymbalsspain.es\/index.php?rest_route=\/wp\/v2\/product\/220","targetHints":{"allow":["GET"]}}],"collection":[{"href":"https:\/\/constantinecymbalsspain.es\/index.php?rest_route=\/wp\/v2\/product"}],"about":[{"href":"https:\/\/constantinecymbalsspain.es\/index.php?rest_route=\/wp\/v2\/types\/product"}],"replies":[{"embeddable":true,"href":"https:\/\/constantinecymbalsspain.es\/index.php?rest_route=%2Fwp%2Fv2%2Fcomments&post=220"}],"wp:featuredmedia":[{"embeddable":true,"href":"https:\/\/constantinecymbalsspain.es\/index.php?rest_route=\/wp\/v2\/media\/213"}],"wp:attachment":[{"href":"https:\/\/constantinecymbalsspain.es\/index.php?rest_route=%2Fwp%2Fv2%2Fmedia&parent=220"}],"wp:term":[{"taxonomy":"product_brand","embeddable":true,"href":"https:\/\/constantinecymbalsspain.es\/index.php?rest_route=%2Fwp%2Fv2%2Fproduct_brand&post=220"},{"taxonomy":"product_cat","embeddable":true,"href":"https:\/\/constantinecymbalsspain.es\/index.php?rest_route=%2Fwp%2Fv2%2Fproduct_cat&post=220"},{"taxonomy":"product_tag","embeddable":true,"href":"https:\/\/constantinecymbalsspain.es\/index.php?rest_route=%2Fwp%2Fv2%2Fproduct_tag&post=220"}],"curies":[{"name":"wp","href":"https:\/\/api.w.org\/{rel}","templated":true}]}}