{"id":264,"date":"2024-02-20T23:46:23","date_gmt":"2024-02-20T22:46:23","guid":{"rendered":"https:\/\/constantinecymbalsspain.es\/?post_type=product&#038;p=264"},"modified":"2025-10-13T22:16:59","modified_gmt":"2025-10-13T21:16:59","slug":"clamp-stack-101214-constantine-fx-series","status":"publish","type":"product","link":"https:\/\/constantinecymbalsspain.es\/?product=clamp-stack-101214-constantine-fx-series","title":{"rendered":"Clamp Stack 10&#8243;+12&#8243;+14&#8243; Constantine FX series"},"content":{"rendered":"<p>Clamp Stack es un elemento para el baterista que siente la necesidad de tener un sonido actual, es muy \u00fatil para electr\u00f3nica, pop, funky, casi cualquier cosa que tu creatividad te deje afrontar<\/p>\n<p>Est\u00e1 compuesto por 3 platos curvos de 10&#8243; , 12&#8243; y 14&#8243;.<\/p>\n<p><iframe title=\"Clap stack Constantine cymbals\" width=\"980\" height=\"551\" data-src=\"https:\/\/www.youtube.com\/embed\/tfuFiQJhkOU?feature=oembed\" frameborder=\"0\" allow=\"accelerometer; autoplay; clipboard-write; encrypted-media; gyroscope; picture-in-picture; web-share\" allowfullscreen src=\"data:image\/svg+xml;base64,PHN2ZyB3aWR0aD0iMSIgaGVpZ2h0PSIxIiB4bWxucz0iaHR0cDovL3d3dy53My5vcmcvMjAwMC9zdmciPjwvc3ZnPg==\" class=\"lazyload\" data-load-mode=\"1\"><\/iframe><\/p>\n","protected":false},"excerpt":{"rendered":"<p>Clamp Stack es un elemento para el baterista que siente la necesidad de tener un sonido actual, es muy \u00fatil para electr\u00f3nica, pop, funky, casi cualquier cosa que tu creatividad te deje afrontar Est\u00e1 compuesto por 3 platos curvos de 10&#8243; , 12&#8243; y 14&#8243;.<\/p>\n","protected":false},"featured_media":205,"comment_status":"open","ping_status":"closed","template":"","meta":{"wds_primary_product_brand":0,"wds_primary_product_cat":0},"product_brand":[74],"product_cat":[25,40,36],"product_tag":[],"class_list":{"0":"post-264","1":"product","2":"type-product","3":"status-publish","4":"has-post-thumbnail","6":"product_brand-constantine","7":"product_cat-25","8":"product_cat-clamp-stack","9":"product_cat-efecto","11":"first","12":"instock","13":"sale","14":"taxable","15":"shipping-taxable","16":"purchasable","17":"product-type-simple"},"jetpack_sharing_enabled":true,"_links":{"self":[{"href":"https:\/\/constantinecymbalsspain.es\/index.php?rest_route=\/wp\/v2\/product\/264","targetHints":{"allow":["GET"]}}],"collection":[{"href":"https:\/\/constantinecymbalsspain.es\/index.php?rest_route=\/wp\/v2\/product"}],"about":[{"href":"https:\/\/constantinecymbalsspain.es\/index.php?rest_route=\/wp\/v2\/types\/product"}],"replies":[{"embeddable":true,"href":"https:\/\/constantinecymbalsspain.es\/index.php?rest_route=%2Fwp%2Fv2%2Fcomments&post=264"}],"wp:featuredmedia":[{"embeddable":true,"href":"https:\/\/constantinecymbalsspain.es\/index.php?rest_route=\/wp\/v2\/media\/205"}],"wp:attachment":[{"href":"https:\/\/constantinecymbalsspain.es\/index.php?rest_route=%2Fwp%2Fv2%2Fmedia&parent=264"}],"wp:term":[{"taxonomy":"product_brand","embeddable":true,"href":"https:\/\/constantinecymbalsspain.es\/index.php?rest_route=%2Fwp%2Fv2%2Fproduct_brand&post=264"},{"taxonomy":"product_cat","embeddable":true,"href":"https:\/\/constantinecymbalsspain.es\/index.php?rest_route=%2Fwp%2Fv2%2Fproduct_cat&post=264"},{"taxonomy":"product_tag","embeddable":true,"href":"https:\/\/constantinecymbalsspain.es\/index.php?rest_route=%2Fwp%2Fv2%2Fproduct_tag&post=264"}],"curies":[{"name":"wp","href":"https:\/\/api.w.org\/{rel}","templated":true}]}}