{"id":266,"date":"2024-02-21T00:00:04","date_gmt":"2024-02-20T23:00:04","guid":{"rendered":"https:\/\/constantinecymbalsspain.es\/?post_type=product&#038;p=266"},"modified":"2025-10-13T22:15:56","modified_gmt":"2025-10-13T21:15:56","slug":"crash-fx-19-constantine-senfonic-series","status":"publish","type":"product","link":"https:\/\/constantinecymbalsspain.es\/?product=crash-fx-19-constantine-senfonic-series","title":{"rendered":"Crash FX 19&#8243; Constantine Senfonic series"},"content":{"rendered":"<p>La Senfonic Series es una serie de acabado brillante con un martillado muy regular y sin surcos torneados, a eso le sumamos los agujeros para dar ese sonido tan de moda en esta \u00faltima d\u00e9cada, tiene la campana en acabado Raw. Elaborado con bronce B20 martillado a mano en Turqu\u00eda, este platillo es vers\u00e1til. Su sonido trashy y brillante aportan car\u00e1cter y riqueza de matices. Ya sea que est\u00e9 tocando rock, pop o funky, la senfonic Series le proporcionar\u00e1 el sonido deseado.<\/p>\n<p><iframe title=\"Constantine cymbals Senfonic series 18&quot;\" width=\"980\" height=\"551\" data-src=\"https:\/\/www.youtube.com\/embed\/bSgkPNRzuQM?feature=oembed\" frameborder=\"0\" allow=\"accelerometer; autoplay; clipboard-write; encrypted-media; gyroscope; picture-in-picture; web-share\" referrerpolicy=\"strict-origin-when-cross-origin\" allowfullscreen src=\"data:image\/svg+xml;base64,PHN2ZyB3aWR0aD0iMSIgaGVpZ2h0PSIxIiB4bWxucz0iaHR0cDovL3d3dy53My5vcmcvMjAwMC9zdmciPjwvc3ZnPg==\" class=\"lazyload\" data-load-mode=\"1\"><\/iframe><\/p>\n","protected":false},"excerpt":{"rendered":"<p>La Senfonic Series es una serie de acabado brillante con un martillado muy regular y sin surcos torneados, a eso le sumamos los agujeros para dar ese sonido tan de moda en esta \u00faltima d\u00e9cada, tiene la campana en acabado Raw. Elaborado con bronce B20 martillado a mano en Turqu\u00eda, este platillo es vers\u00e1til. Su [&hellip;]<\/p>\n","protected":false},"featured_media":349,"comment_status":"open","ping_status":"closed","template":"","meta":{"wds_primary_product_brand":0,"wds_primary_product_cat":0},"product_brand":[74],"product_cat":[27,19,36,41],"product_tag":[],"class_list":{"0":"post-266","1":"product","2":"type-product","3":"status-publish","4":"has-post-thumbnail","6":"product_brand-constantine","7":"product_cat-27","8":"product_cat-crash","9":"product_cat-efecto","10":"product_cat-senfonic","12":"first","13":"instock","14":"taxable","15":"shipping-taxable","16":"purchasable","17":"product-type-simple"},"jetpack_sharing_enabled":true,"_links":{"self":[{"href":"https:\/\/constantinecymbalsspain.es\/index.php?rest_route=\/wp\/v2\/product\/266","targetHints":{"allow":["GET"]}}],"collection":[{"href":"https:\/\/constantinecymbalsspain.es\/index.php?rest_route=\/wp\/v2\/product"}],"about":[{"href":"https:\/\/constantinecymbalsspain.es\/index.php?rest_route=\/wp\/v2\/types\/product"}],"replies":[{"embeddable":true,"href":"https:\/\/constantinecymbalsspain.es\/index.php?rest_route=%2Fwp%2Fv2%2Fcomments&post=266"}],"wp:featuredmedia":[{"embeddable":true,"href":"https:\/\/constantinecymbalsspain.es\/index.php?rest_route=\/wp\/v2\/media\/349"}],"wp:attachment":[{"href":"https:\/\/constantinecymbalsspain.es\/index.php?rest_route=%2Fwp%2Fv2%2Fmedia&parent=266"}],"wp:term":[{"taxonomy":"product_brand","embeddable":true,"href":"https:\/\/constantinecymbalsspain.es\/index.php?rest_route=%2Fwp%2Fv2%2Fproduct_brand&post=266"},{"taxonomy":"product_cat","embeddable":true,"href":"https:\/\/constantinecymbalsspain.es\/index.php?rest_route=%2Fwp%2Fv2%2Fproduct_cat&post=266"},{"taxonomy":"product_tag","embeddable":true,"href":"https:\/\/constantinecymbalsspain.es\/index.php?rest_route=%2Fwp%2Fv2%2Fproduct_tag&post=266"}],"curies":[{"name":"wp","href":"https:\/\/api.w.org\/{rel}","templated":true}]}}