{"id":273,"date":"2024-02-22T21:28:25","date_gmt":"2024-02-22T20:28:25","guid":{"rendered":"https:\/\/constantinecymbalsspain.es\/?post_type=product&#038;p=273"},"modified":"2025-10-13T22:15:56","modified_gmt":"2025-10-13T21:15:56","slug":"crash-18-constantine-galaxy-series","status":"publish","type":"product","link":"https:\/\/constantinecymbalsspain.es\/?product=crash-18-constantine-galaxy-series","title":{"rendered":"Crash 18&#8243; Constantine Galaxy Series 1400gr."},"content":{"rendered":"<p>La Galaxy Series es una serie de acabado Muy especial con un martillado muy regular y unos martillazos XXL intercalados, sin surcos torneados pero su aspecto es cepillado que le da una textura muy especial. Elaborado con bronce B20 martillado a mano en Turqu\u00eda, este platillo es dulce y muy sensible y su sonido dark y trashy aportan car\u00e1cter y riqueza de matices a medio camino entre un crash y un china. Aptos para cualquier estilo le proporcionar\u00e1 a su set unos matices y sonidos muy diferentes a lo convencional.<\/p>\n","protected":false},"excerpt":{"rendered":"<p>La Galaxy Series es una serie de acabado Muy especial con un martillado muy regular y unos martillazos XXL intercalados, sin surcos torneados pero su aspecto es cepillado que le da una textura muy especial. Elaborado con bronce B20 martillado a mano en Turqu\u00eda, este platillo es dulce y muy sensible y su sonido dark [&hellip;]<\/p>\n","protected":false},"featured_media":348,"comment_status":"open","ping_status":"closed","template":"","meta":{"wds_primary_product_brand":0,"wds_primary_product_cat":0},"product_brand":[74],"product_cat":[30,19,46,36],"product_tag":[],"class_list":{"0":"post-273","1":"product","2":"type-product","3":"status-publish","4":"has-post-thumbnail","6":"product_brand-constantine","7":"product_cat-30","8":"product_cat-crash","9":"product_cat-galaxy-series","10":"product_cat-efecto","12":"first","13":"instock","14":"taxable","15":"shipping-taxable","16":"purchasable","17":"product-type-simple"},"jetpack_sharing_enabled":true,"_links":{"self":[{"href":"https:\/\/constantinecymbalsspain.es\/index.php?rest_route=\/wp\/v2\/product\/273","targetHints":{"allow":["GET"]}}],"collection":[{"href":"https:\/\/constantinecymbalsspain.es\/index.php?rest_route=\/wp\/v2\/product"}],"about":[{"href":"https:\/\/constantinecymbalsspain.es\/index.php?rest_route=\/wp\/v2\/types\/product"}],"replies":[{"embeddable":true,"href":"https:\/\/constantinecymbalsspain.es\/index.php?rest_route=%2Fwp%2Fv2%2Fcomments&post=273"}],"wp:featuredmedia":[{"embeddable":true,"href":"https:\/\/constantinecymbalsspain.es\/index.php?rest_route=\/wp\/v2\/media\/348"}],"wp:attachment":[{"href":"https:\/\/constantinecymbalsspain.es\/index.php?rest_route=%2Fwp%2Fv2%2Fmedia&parent=273"}],"wp:term":[{"taxonomy":"product_brand","embeddable":true,"href":"https:\/\/constantinecymbalsspain.es\/index.php?rest_route=%2Fwp%2Fv2%2Fproduct_brand&post=273"},{"taxonomy":"product_cat","embeddable":true,"href":"https:\/\/constantinecymbalsspain.es\/index.php?rest_route=%2Fwp%2Fv2%2Fproduct_cat&post=273"},{"taxonomy":"product_tag","embeddable":true,"href":"https:\/\/constantinecymbalsspain.es\/index.php?rest_route=%2Fwp%2Fv2%2Fproduct_tag&post=273"}],"curies":[{"name":"wp","href":"https:\/\/api.w.org\/{rel}","templated":true}]}}