{"id":275,"date":"2024-02-22T22:14:59","date_gmt":"2024-02-22T21:14:59","guid":{"rendered":"https:\/\/constantinecymbalsspain.es\/?post_type=product&#038;p=275"},"modified":"2025-10-13T22:15:55","modified_gmt":"2025-10-13T21:15:55","slug":"ride-21-constantine-sirius-series","status":"publish","type":"product","link":"https:\/\/constantinecymbalsspain.es\/?product=ride-21-constantine-sirius-series","title":{"rendered":"Ride 21&#8243; Constantine Sirius Series"},"content":{"rendered":"<p>La Sirius Series es la combinaci\u00f3n del platillo turco cl\u00e1sico y el acabado raw moderno en franjas finas y un martillado muy regular. Elaborado con bronce B20 martillado a mano en Turqu\u00eda, este platillo es de estilo muy vers\u00e1til. Su sonido c\u00e1lido y su justo brillo, con su sustain medio lo convierten en el complemento de un m\u00fasico que no se conforma con un plato cl\u00e1sico y quiere ir un paso mas adelante. Ya sea que est\u00e9 tocando rock o pop, la Sirius Series\u00a0 le puede aportar el sonido deseado.<\/p>\n","protected":false},"excerpt":{"rendered":"<p>La Sirius Series es la combinaci\u00f3n del platillo turco cl\u00e1sico y el acabado raw moderno en franjas finas y un martillado muy regular. Elaborado con bronce B20 martillado a mano en Turqu\u00eda, este platillo es de estilo muy vers\u00e1til. Su sonido c\u00e1lido y su justo brillo, con su sustain medio lo convierten en el complemento [&hellip;]<\/p>\n","protected":false},"featured_media":238,"comment_status":"open","ping_status":"closed","template":"","meta":{"wds_primary_product_brand":0,"wds_primary_product_cat":0},"product_brand":[74],"product_cat":[24,18,47],"product_tag":[],"class_list":{"0":"post-275","1":"product","2":"type-product","3":"status-publish","4":"has-post-thumbnail","6":"product_brand-constantine","7":"product_cat-24","8":"product_cat-ride","9":"product_cat-sirius-series","11":"first","12":"outofstock","13":"taxable","14":"shipping-taxable","15":"purchasable","16":"product-type-simple"},"jetpack_sharing_enabled":true,"_links":{"self":[{"href":"https:\/\/constantinecymbalsspain.es\/index.php?rest_route=\/wp\/v2\/product\/275","targetHints":{"allow":["GET"]}}],"collection":[{"href":"https:\/\/constantinecymbalsspain.es\/index.php?rest_route=\/wp\/v2\/product"}],"about":[{"href":"https:\/\/constantinecymbalsspain.es\/index.php?rest_route=\/wp\/v2\/types\/product"}],"replies":[{"embeddable":true,"href":"https:\/\/constantinecymbalsspain.es\/index.php?rest_route=%2Fwp%2Fv2%2Fcomments&post=275"}],"wp:featuredmedia":[{"embeddable":true,"href":"https:\/\/constantinecymbalsspain.es\/index.php?rest_route=\/wp\/v2\/media\/238"}],"wp:attachment":[{"href":"https:\/\/constantinecymbalsspain.es\/index.php?rest_route=%2Fwp%2Fv2%2Fmedia&parent=275"}],"wp:term":[{"taxonomy":"product_brand","embeddable":true,"href":"https:\/\/constantinecymbalsspain.es\/index.php?rest_route=%2Fwp%2Fv2%2Fproduct_brand&post=275"},{"taxonomy":"product_cat","embeddable":true,"href":"https:\/\/constantinecymbalsspain.es\/index.php?rest_route=%2Fwp%2Fv2%2Fproduct_cat&post=275"},{"taxonomy":"product_tag","embeddable":true,"href":"https:\/\/constantinecymbalsspain.es\/index.php?rest_route=%2Fwp%2Fv2%2Fproduct_tag&post=275"}],"curies":[{"name":"wp","href":"https:\/\/api.w.org\/{rel}","templated":true}]}}