{"id":284,"date":"2024-02-22T22:40:20","date_gmt":"2024-02-22T21:40:20","guid":{"rendered":"https:\/\/constantinecymbalsspain.es\/?post_type=product&#038;p=284"},"modified":"2025-11-24T23:29:53","modified_gmt":"2025-11-24T22:29:53","slug":"splash-9-constantine-natural-raw-series","status":"publish","type":"product","link":"https:\/\/constantinecymbalsspain.es\/?product=splash-9-constantine-natural-raw-series","title":{"rendered":"Splash 9&#8243; Constantine Natural Raw Series"},"content":{"rendered":"<p>La Natural Raw Series tuene un aspecto rudo y muy primitivo con un martillado regular sumado a\u00a0 otro mas grande intercalado. Elaborado con bronce B20 martillado a mano en Turqu\u00eda, este platillo es de oscuro y algo seco , con su sustain medio\/corto lo convierten en el complemento de un m\u00fasico que no se conforma con un plato cl\u00e1sico y quiere sonido mas seco, definido y con unos matices muy ricos. Ya sea que est\u00e9 tocando rock electr\u00f3nica o pop, la Natural Series\u00a0 le puede aportar el sonido deseado.<\/p>\n","protected":false},"excerpt":{"rendered":"<p>La Natural Raw Series tuene un aspecto rudo y muy primitivo con un martillado regular sumado a\u00a0 otro mas grande intercalado. Elaborado con bronce B20 martillado a mano en Turqu\u00eda, este platillo es de oscuro y algo seco , con su sustain medio\/corto lo convierten en el complemento de un m\u00fasico que no se conforma [&hellip;]<\/p>\n","protected":false},"featured_media":236,"comment_status":"open","ping_status":"closed","template":"","meta":{"wds_primary_product_brand":0,"wds_primary_product_cat":0},"product_brand":[74],"product_cat":[44,48,21],"product_tag":[],"class_list":{"0":"post-284","1":"product","2":"type-product","3":"status-publish","4":"has-post-thumbnail","6":"product_brand-constantine","7":"product_cat-9-2","8":"product_cat-natural-raw-series","9":"product_cat-splash","11":"first","12":"outofstock","13":"taxable","14":"shipping-taxable","15":"purchasable","16":"product-type-simple"},"jetpack_sharing_enabled":true,"_links":{"self":[{"href":"https:\/\/constantinecymbalsspain.es\/index.php?rest_route=\/wp\/v2\/product\/284","targetHints":{"allow":["GET"]}}],"collection":[{"href":"https:\/\/constantinecymbalsspain.es\/index.php?rest_route=\/wp\/v2\/product"}],"about":[{"href":"https:\/\/constantinecymbalsspain.es\/index.php?rest_route=\/wp\/v2\/types\/product"}],"replies":[{"embeddable":true,"href":"https:\/\/constantinecymbalsspain.es\/index.php?rest_route=%2Fwp%2Fv2%2Fcomments&post=284"}],"wp:featuredmedia":[{"embeddable":true,"href":"https:\/\/constantinecymbalsspain.es\/index.php?rest_route=\/wp\/v2\/media\/236"}],"wp:attachment":[{"href":"https:\/\/constantinecymbalsspain.es\/index.php?rest_route=%2Fwp%2Fv2%2Fmedia&parent=284"}],"wp:term":[{"taxonomy":"product_brand","embeddable":true,"href":"https:\/\/constantinecymbalsspain.es\/index.php?rest_route=%2Fwp%2Fv2%2Fproduct_brand&post=284"},{"taxonomy":"product_cat","embeddable":true,"href":"https:\/\/constantinecymbalsspain.es\/index.php?rest_route=%2Fwp%2Fv2%2Fproduct_cat&post=284"},{"taxonomy":"product_tag","embeddable":true,"href":"https:\/\/constantinecymbalsspain.es\/index.php?rest_route=%2Fwp%2Fv2%2Fproduct_tag&post=284"}],"curies":[{"name":"wp","href":"https:\/\/api.w.org\/{rel}","templated":true}]}}