{"id":302,"date":"2024-02-26T23:59:53","date_gmt":"2024-02-26T22:59:53","guid":{"rendered":"https:\/\/constantinecymbalsspain.es\/?post_type=product&#038;p=302"},"modified":"2025-10-13T22:13:44","modified_gmt":"2025-10-13T21:13:44","slug":"thin-splash-8-constantine-big-master-series","status":"publish","type":"product","link":"https:\/\/constantinecymbalsspain.es\/?product=thin-splash-8-constantine-big-master-series","title":{"rendered":"Thin Splash 8&#8243; Constantine Big Master Series"},"content":{"rendered":"<p>La Big Master Series tuene un acabado pulido brillante y la campana de acabado raw. Elaborado con bronce B20 martillado a mano en Turqu\u00eda, este platillo es de sonido crugiente y articulado con una cantidad de brillo mas que equilibrada , con\u00a0 sustain medio lo convierten en el complemento de un m\u00fasico que no se conforma con un plato cl\u00e1sico y quiere sonido mas atrevido, brillante y definido. Ya sea que est\u00e9 tocando rock, metal o pop, la Big master Series\u00a0 le puede aportar el sonido deseado.<\/p>\n","protected":false},"excerpt":{"rendered":"<p>La Big Master Series tuene un acabado pulido brillante y la campana de acabado raw. Elaborado con bronce B20 martillado a mano en Turqu\u00eda, este platillo es de sonido crugiente y articulado con una cantidad de brillo mas que equilibrada , con\u00a0 sustain medio lo convierten en el complemento de un m\u00fasico que no se [&hellip;]<\/p>\n","protected":false},"featured_media":298,"comment_status":"open","ping_status":"closed","template":"","meta":{"wds_primary_product_brand":0,"wds_primary_product_cat":0},"product_brand":[74],"product_cat":[37,49,21],"product_tag":[],"class_list":{"0":"post-302","1":"product","2":"type-product","3":"status-publish","4":"has-post-thumbnail","6":"product_brand-constantine","7":"product_cat-37","8":"product_cat-big-master-series","9":"product_cat-splash","11":"first","12":"outofstock","13":"taxable","14":"shipping-taxable","15":"purchasable","16":"product-type-simple"},"jetpack_sharing_enabled":true,"_links":{"self":[{"href":"https:\/\/constantinecymbalsspain.es\/index.php?rest_route=\/wp\/v2\/product\/302","targetHints":{"allow":["GET"]}}],"collection":[{"href":"https:\/\/constantinecymbalsspain.es\/index.php?rest_route=\/wp\/v2\/product"}],"about":[{"href":"https:\/\/constantinecymbalsspain.es\/index.php?rest_route=\/wp\/v2\/types\/product"}],"replies":[{"embeddable":true,"href":"https:\/\/constantinecymbalsspain.es\/index.php?rest_route=%2Fwp%2Fv2%2Fcomments&post=302"}],"wp:featuredmedia":[{"embeddable":true,"href":"https:\/\/constantinecymbalsspain.es\/index.php?rest_route=\/wp\/v2\/media\/298"}],"wp:attachment":[{"href":"https:\/\/constantinecymbalsspain.es\/index.php?rest_route=%2Fwp%2Fv2%2Fmedia&parent=302"}],"wp:term":[{"taxonomy":"product_brand","embeddable":true,"href":"https:\/\/constantinecymbalsspain.es\/index.php?rest_route=%2Fwp%2Fv2%2Fproduct_brand&post=302"},{"taxonomy":"product_cat","embeddable":true,"href":"https:\/\/constantinecymbalsspain.es\/index.php?rest_route=%2Fwp%2Fv2%2Fproduct_cat&post=302"},{"taxonomy":"product_tag","embeddable":true,"href":"https:\/\/constantinecymbalsspain.es\/index.php?rest_route=%2Fwp%2Fv2%2Fproduct_tag&post=302"}],"curies":[{"name":"wp","href":"https:\/\/api.w.org\/{rel}","templated":true}]}}