{"id":304,"date":"2024-02-27T00:04:37","date_gmt":"2024-02-26T23:04:37","guid":{"rendered":"https:\/\/constantinecymbalsspain.es\/?post_type=product&#038;p=304"},"modified":"2025-10-13T22:13:44","modified_gmt":"2025-10-13T21:13:44","slug":"splash-12-constantine-oriental-series","status":"publish","type":"product","link":"https:\/\/constantinecymbalsspain.es\/?product=splash-12-constantine-oriental-series","title":{"rendered":"Splash 12&#8243; Constantine Oriental Series"},"content":{"rendered":"<p>La Oriental Series tiene un acabado Tradicional como la serie classic con la variaci\u00f3n de un martillado extra y unos surcos tonales mas marcados. Elaborado con bronce B20 martillado a mano en Turqu\u00eda, son platos sensibles y muy musicales, es el complemento del m\u00fasico al que le gusta el sonido del plato Classic pero quiere un sonido mas Dark y con menos sustain. Ya sea que est\u00e9 tocando pop, soul, jazz,&#8230;\u00a0 la Oriental Series\u00a0 le puede aportar el sonido deseado.<\/p>\n","protected":false},"excerpt":{"rendered":"<p>La Oriental Series tiene un acabado Tradicional como la serie classic con la variaci\u00f3n de un martillado extra y unos surcos tonales mas marcados. Elaborado con bronce B20 martillado a mano en Turqu\u00eda, son platos sensibles y muy musicales, es el complemento del m\u00fasico al que le gusta el sonido del plato Classic pero quiere [&hellip;]<\/p>\n","protected":false},"featured_media":305,"comment_status":"open","ping_status":"closed","template":"","meta":{"wds_primary_product_brand":0,"wds_primary_product_cat":0},"product_brand":[74],"product_cat":[26,50,21],"product_tag":[],"class_list":{"0":"post-304","1":"product","2":"type-product","3":"status-publish","4":"has-post-thumbnail","6":"product_brand-constantine","7":"product_cat-26","8":"product_cat-oriental-series","9":"product_cat-splash","11":"first","12":"instock","13":"sale","14":"taxable","15":"shipping-taxable","16":"purchasable","17":"product-type-simple"},"jetpack_sharing_enabled":true,"_links":{"self":[{"href":"https:\/\/constantinecymbalsspain.es\/index.php?rest_route=\/wp\/v2\/product\/304","targetHints":{"allow":["GET"]}}],"collection":[{"href":"https:\/\/constantinecymbalsspain.es\/index.php?rest_route=\/wp\/v2\/product"}],"about":[{"href":"https:\/\/constantinecymbalsspain.es\/index.php?rest_route=\/wp\/v2\/types\/product"}],"replies":[{"embeddable":true,"href":"https:\/\/constantinecymbalsspain.es\/index.php?rest_route=%2Fwp%2Fv2%2Fcomments&post=304"}],"wp:featuredmedia":[{"embeddable":true,"href":"https:\/\/constantinecymbalsspain.es\/index.php?rest_route=\/wp\/v2\/media\/305"}],"wp:attachment":[{"href":"https:\/\/constantinecymbalsspain.es\/index.php?rest_route=%2Fwp%2Fv2%2Fmedia&parent=304"}],"wp:term":[{"taxonomy":"product_brand","embeddable":true,"href":"https:\/\/constantinecymbalsspain.es\/index.php?rest_route=%2Fwp%2Fv2%2Fproduct_brand&post=304"},{"taxonomy":"product_cat","embeddable":true,"href":"https:\/\/constantinecymbalsspain.es\/index.php?rest_route=%2Fwp%2Fv2%2Fproduct_cat&post=304"},{"taxonomy":"product_tag","embeddable":true,"href":"https:\/\/constantinecymbalsspain.es\/index.php?rest_route=%2Fwp%2Fv2%2Fproduct_tag&post=304"}],"curies":[{"name":"wp","href":"https:\/\/api.w.org\/{rel}","templated":true}]}}