{"id":337,"date":"2024-02-27T23:54:06","date_gmt":"2024-02-27T22:54:06","guid":{"rendered":"https:\/\/constantinecymbalsspain.es\/?post_type=product&#038;p=337"},"modified":"2025-10-13T22:13:06","modified_gmt":"2025-10-13T21:13:06","slug":"crash-17-constantine-world-series-medium","status":"publish","type":"product","link":"https:\/\/constantinecymbalsspain.es\/?product=crash-17-constantine-world-series-medium","title":{"rendered":"Crash 17&#8243; Constantine World Series Medium"},"content":{"rendered":"<p>La World Series tiene un aspecto rudo con un martillado extra sumado a\u00a0 otro mas grande intercalado y un sutil lijado en el torno. Elaborado con bronce B20 martillado a mano en Turqu\u00eda, este platillo es de sonido oscuro y seco, con su sustain medio\/corto lo convierten en el complemento de un m\u00fasico que no se conforma con un plato est\u00e1ndar y quiere sonido mas seco, con wash y con unos matices muy ricos y complejos. Ya sea que est\u00e9 tocando jazz, electr\u00f3nica, experimental,&#8230; la World Series\u00a0 le puede aportar el sonido deseado.<\/p>\n","protected":false},"excerpt":{"rendered":"<p>La World Series tiene un aspecto rudo con un martillado extra sumado a\u00a0 otro mas grande intercalado y un sutil lijado en el torno. Elaborado con bronce B20 martillado a mano en Turqu\u00eda, este platillo es de sonido oscuro y seco, con su sustain medio\/corto lo convierten en el complemento de un m\u00fasico que no [&hellip;]<\/p>\n","protected":false},"featured_media":240,"comment_status":"open","ping_status":"closed","template":"","meta":{"wds_primary_product_brand":0,"wds_primary_product_cat":0},"product_brand":[74],"product_cat":[34,19,55],"product_tag":[],"class_list":{"0":"post-337","1":"product","2":"type-product","3":"status-publish","4":"has-post-thumbnail","6":"product_brand-constantine","7":"product_cat-34","8":"product_cat-crash","9":"product_cat-world-series","11":"first","12":"outofstock","13":"taxable","14":"shipping-taxable","15":"purchasable","16":"product-type-simple"},"jetpack_sharing_enabled":true,"_links":{"self":[{"href":"https:\/\/constantinecymbalsspain.es\/index.php?rest_route=\/wp\/v2\/product\/337","targetHints":{"allow":["GET"]}}],"collection":[{"href":"https:\/\/constantinecymbalsspain.es\/index.php?rest_route=\/wp\/v2\/product"}],"about":[{"href":"https:\/\/constantinecymbalsspain.es\/index.php?rest_route=\/wp\/v2\/types\/product"}],"replies":[{"embeddable":true,"href":"https:\/\/constantinecymbalsspain.es\/index.php?rest_route=%2Fwp%2Fv2%2Fcomments&post=337"}],"wp:featuredmedia":[{"embeddable":true,"href":"https:\/\/constantinecymbalsspain.es\/index.php?rest_route=\/wp\/v2\/media\/240"}],"wp:attachment":[{"href":"https:\/\/constantinecymbalsspain.es\/index.php?rest_route=%2Fwp%2Fv2%2Fmedia&parent=337"}],"wp:term":[{"taxonomy":"product_brand","embeddable":true,"href":"https:\/\/constantinecymbalsspain.es\/index.php?rest_route=%2Fwp%2Fv2%2Fproduct_brand&post=337"},{"taxonomy":"product_cat","embeddable":true,"href":"https:\/\/constantinecymbalsspain.es\/index.php?rest_route=%2Fwp%2Fv2%2Fproduct_cat&post=337"},{"taxonomy":"product_tag","embeddable":true,"href":"https:\/\/constantinecymbalsspain.es\/index.php?rest_route=%2Fwp%2Fv2%2Fproduct_tag&post=337"}],"curies":[{"name":"wp","href":"https:\/\/api.w.org\/{rel}","templated":true}]}}