{"id":366,"date":"2024-02-29T21:09:03","date_gmt":"2024-02-29T20:09:03","guid":{"rendered":"https:\/\/constantinecymbalsspain.es\/?post_type=product&#038;p=366"},"modified":"2025-10-13T22:13:06","modified_gmt":"2025-10-13T21:13:06","slug":"hi-hat-15-constantine-tallent-series","status":"publish","type":"product","link":"https:\/\/constantinecymbalsspain.es\/?product=hi-hat-15-constantine-tallent-series","title":{"rendered":"Hi-hat 15&#8243; Constantine Tallent Series"},"content":{"rendered":"<p>Tallent Series tiene un acabado muy atrevido,\u00a0 Tradicional como la Classic series en el borde del plato, la campana tiene acabado Brillante estilo Star series, pero martillada y la parte central del plato intercala el acabado brillante y el tradicional en unos surcos muy bien intercalados Elaborado con bronce B20 martillado a mano en Turqu\u00eda, son platos con potencia y proyecci\u00f3n, es el complemento del m\u00fasico al que le gusta el sonido brillante y con presencia, pero sin vol\u00famenes saturados y con un sonido muy limpio. Ya sea que est\u00e9 tocando pop, Rock, heavy,\u2026\u00a0 Tallent series\u00a0 le puede aportar el sonido deseado.<\/p>\n","protected":false},"excerpt":{"rendered":"<p>Tallent Series tiene un acabado muy atrevido,\u00a0 Tradicional como la Classic series en el borde del plato, la campana tiene acabado Brillante estilo Star series, pero martillada y la parte central del plato intercala el acabado brillante y el tradicional en unos surcos muy bien intercalados Elaborado con bronce B20 martillado a mano en Turqu\u00eda, [&hellip;]<\/p>\n","protected":false},"featured_media":367,"comment_status":"open","ping_status":"closed","template":"","meta":{"wds_primary_product_brand":0,"wds_primary_product_cat":0},"product_brand":[74],"product_cat":[32,20,58],"product_tag":[],"class_list":{"0":"post-366","1":"product","2":"type-product","3":"status-publish","4":"has-post-thumbnail","6":"product_brand-constantine","7":"product_cat-32","8":"product_cat-hi-hat","9":"product_cat-tallent-series","11":"first","12":"instock","13":"sale","14":"taxable","15":"shipping-taxable","16":"purchasable","17":"product-type-simple"},"jetpack_sharing_enabled":true,"_links":{"self":[{"href":"https:\/\/constantinecymbalsspain.es\/index.php?rest_route=\/wp\/v2\/product\/366","targetHints":{"allow":["GET"]}}],"collection":[{"href":"https:\/\/constantinecymbalsspain.es\/index.php?rest_route=\/wp\/v2\/product"}],"about":[{"href":"https:\/\/constantinecymbalsspain.es\/index.php?rest_route=\/wp\/v2\/types\/product"}],"replies":[{"embeddable":true,"href":"https:\/\/constantinecymbalsspain.es\/index.php?rest_route=%2Fwp%2Fv2%2Fcomments&post=366"}],"wp:featuredmedia":[{"embeddable":true,"href":"https:\/\/constantinecymbalsspain.es\/index.php?rest_route=\/wp\/v2\/media\/367"}],"wp:attachment":[{"href":"https:\/\/constantinecymbalsspain.es\/index.php?rest_route=%2Fwp%2Fv2%2Fmedia&parent=366"}],"wp:term":[{"taxonomy":"product_brand","embeddable":true,"href":"https:\/\/constantinecymbalsspain.es\/index.php?rest_route=%2Fwp%2Fv2%2Fproduct_brand&post=366"},{"taxonomy":"product_cat","embeddable":true,"href":"https:\/\/constantinecymbalsspain.es\/index.php?rest_route=%2Fwp%2Fv2%2Fproduct_cat&post=366"},{"taxonomy":"product_tag","embeddable":true,"href":"https:\/\/constantinecymbalsspain.es\/index.php?rest_route=%2Fwp%2Fv2%2Fproduct_tag&post=366"}],"curies":[{"name":"wp","href":"https:\/\/api.w.org\/{rel}","templated":true}]}}