{"id":435,"date":"2024-04-07T23:12:47","date_gmt":"2024-04-07T22:12:47","guid":{"rendered":"https:\/\/constantinecymbalsspain.es\/?post_type=product&#038;p=435"},"modified":"2026-01-11T23:00:25","modified_gmt":"2026-01-11T22:00:25","slug":"hi-hat-13-constantine-star-series","status":"publish","type":"product","link":"https:\/\/constantinecymbalsspain.es\/?product=hi-hat-13-constantine-star-series","title":{"rendered":"Hi-hat 13&#8243; Constantine Star Series"},"content":{"rendered":"<p>La Star Series es una serie de acabado brillante con un martillado muy regular y sin surcos torneados. Elaborado con bronce B20 martillado a mano en Turqu\u00eda, este platillo es vers\u00e1til. Su sonido crujiente y brillante aportan car\u00e1cter y riqueza de matices. Ya sea que est\u00e9 tocando rock, pop o funky, la star Series le proporcionar\u00e1 el sonido deseado.<\/p>\n<p><iframe title=\"Constantine Hi hat 13&quot; Star series 2024edit\" width=\"980\" height=\"551\" data-src=\"https:\/\/www.youtube.com\/embed\/SNVpfK0xD8A?feature=oembed\" frameborder=\"0\" allow=\"accelerometer; autoplay; clipboard-write; encrypted-media; gyroscope; picture-in-picture; web-share\" referrerpolicy=\"strict-origin-when-cross-origin\" allowfullscreen src=\"data:image\/svg+xml;base64,PHN2ZyB3aWR0aD0iMSIgaGVpZ2h0PSIxIiB4bWxucz0iaHR0cDovL3d3dy53My5vcmcvMjAwMC9zdmciPjwvc3ZnPg==\" class=\"lazyload\" data-load-mode=\"1\"><\/iframe><\/p>\n","protected":false},"excerpt":{"rendered":"<p>La Star Series es una serie de acabado brillante con un martillado muy regular y sin surcos torneados. Elaborado con bronce B20 martillado a mano en Turqu\u00eda, este platillo es vers\u00e1til. Su sonido crujiente y brillante aportan car\u00e1cter y riqueza de matices. Ya sea que est\u00e9 tocando rock, pop o funky, la star Series le [&hellip;]<\/p>\n","protected":false},"featured_media":241,"comment_status":"open","ping_status":"closed","template":"","meta":{"wds_primary_product_brand":0,"wds_primary_product_cat":0},"product_brand":[74],"product_cat":[56,20,29],"product_tag":[],"class_list":{"0":"post-435","1":"product","2":"type-product","3":"status-publish","4":"has-post-thumbnail","6":"product_brand-constantine","7":"product_cat-56","8":"product_cat-hi-hat","9":"product_cat-star","11":"first","12":"instock","13":"taxable","14":"shipping-taxable","15":"purchasable","16":"product-type-simple"},"jetpack_sharing_enabled":true,"_links":{"self":[{"href":"https:\/\/constantinecymbalsspain.es\/index.php?rest_route=\/wp\/v2\/product\/435","targetHints":{"allow":["GET"]}}],"collection":[{"href":"https:\/\/constantinecymbalsspain.es\/index.php?rest_route=\/wp\/v2\/product"}],"about":[{"href":"https:\/\/constantinecymbalsspain.es\/index.php?rest_route=\/wp\/v2\/types\/product"}],"replies":[{"embeddable":true,"href":"https:\/\/constantinecymbalsspain.es\/index.php?rest_route=%2Fwp%2Fv2%2Fcomments&post=435"}],"wp:featuredmedia":[{"embeddable":true,"href":"https:\/\/constantinecymbalsspain.es\/index.php?rest_route=\/wp\/v2\/media\/241"}],"wp:attachment":[{"href":"https:\/\/constantinecymbalsspain.es\/index.php?rest_route=%2Fwp%2Fv2%2Fmedia&parent=435"}],"wp:term":[{"taxonomy":"product_brand","embeddable":true,"href":"https:\/\/constantinecymbalsspain.es\/index.php?rest_route=%2Fwp%2Fv2%2Fproduct_brand&post=435"},{"taxonomy":"product_cat","embeddable":true,"href":"https:\/\/constantinecymbalsspain.es\/index.php?rest_route=%2Fwp%2Fv2%2Fproduct_cat&post=435"},{"taxonomy":"product_tag","embeddable":true,"href":"https:\/\/constantinecymbalsspain.es\/index.php?rest_route=%2Fwp%2Fv2%2Fproduct_tag&post=435"}],"curies":[{"name":"wp","href":"https:\/\/api.w.org\/{rel}","templated":true}]}}