{"id":459,"date":"2024-06-28T20:25:48","date_gmt":"2024-06-28T19:25:48","guid":{"rendered":"https:\/\/constantinecymbalsspain.es\/?post_type=product&#038;p=459"},"modified":"2025-10-13T22:12:05","modified_gmt":"2025-10-13T21:12:05","slug":"ride-20-constantine-natural-raw-series","status":"publish","type":"product","link":"https:\/\/constantinecymbalsspain.es\/?product=ride-20-constantine-natural-raw-series","title":{"rendered":"Ride 20&#8243; Constantine Natural Raw Series 2680gr."},"content":{"rendered":"<p>La Natural Raw Series tuene un aspecto rudo y muy primitivo con un martillado regular sumado a\u00a0 otro mas grande intercalado. Elaborado con bronce B20 martillado a mano en Turqu\u00eda, este platillo es de sonido oscuro y algo seco , con su sustain medio\/corto lo convierten en el complemento de un m\u00fasico que no se conforma con un plato cl\u00e1sico y quiere sonido mas seco, definido y con unos matices muy ricos. Ya sea que est\u00e9 tocando rock electr\u00f3nica o pop, la Natural Series\u00a0 le puede aportar el sonido deseado.<\/p>\n","protected":false},"excerpt":{"rendered":"<p>La Natural Raw Series tuene un aspecto rudo y muy primitivo con un martillado regular sumado a\u00a0 otro mas grande intercalado. Elaborado con bronce B20 martillado a mano en Turqu\u00eda, este platillo es de sonido oscuro y algo seco , con su sustain medio\/corto lo convierten en el complemento de un m\u00fasico que no se [&hellip;]<\/p>\n","protected":false},"featured_media":236,"comment_status":"open","ping_status":"closed","template":"","meta":{"wds_primary_product_brand":0,"wds_primary_product_cat":0},"product_brand":[74],"product_cat":[23,48,18],"product_tag":[],"class_list":{"0":"post-459","1":"product","2":"type-product","3":"status-publish","4":"has-post-thumbnail","6":"product_brand-constantine","7":"product_cat-23","8":"product_cat-natural-raw-series","9":"product_cat-ride","11":"first","12":"instock","13":"taxable","14":"shipping-taxable","15":"purchasable","16":"product-type-simple"},"jetpack_sharing_enabled":true,"_links":{"self":[{"href":"https:\/\/constantinecymbalsspain.es\/index.php?rest_route=\/wp\/v2\/product\/459","targetHints":{"allow":["GET"]}}],"collection":[{"href":"https:\/\/constantinecymbalsspain.es\/index.php?rest_route=\/wp\/v2\/product"}],"about":[{"href":"https:\/\/constantinecymbalsspain.es\/index.php?rest_route=\/wp\/v2\/types\/product"}],"replies":[{"embeddable":true,"href":"https:\/\/constantinecymbalsspain.es\/index.php?rest_route=%2Fwp%2Fv2%2Fcomments&post=459"}],"wp:featuredmedia":[{"embeddable":true,"href":"https:\/\/constantinecymbalsspain.es\/index.php?rest_route=\/wp\/v2\/media\/236"}],"wp:attachment":[{"href":"https:\/\/constantinecymbalsspain.es\/index.php?rest_route=%2Fwp%2Fv2%2Fmedia&parent=459"}],"wp:term":[{"taxonomy":"product_brand","embeddable":true,"href":"https:\/\/constantinecymbalsspain.es\/index.php?rest_route=%2Fwp%2Fv2%2Fproduct_brand&post=459"},{"taxonomy":"product_cat","embeddable":true,"href":"https:\/\/constantinecymbalsspain.es\/index.php?rest_route=%2Fwp%2Fv2%2Fproduct_cat&post=459"},{"taxonomy":"product_tag","embeddable":true,"href":"https:\/\/constantinecymbalsspain.es\/index.php?rest_route=%2Fwp%2Fv2%2Fproduct_tag&post=459"}],"curies":[{"name":"wp","href":"https:\/\/api.w.org\/{rel}","templated":true}]}}