{"id":466,"date":"2024-06-28T20:42:51","date_gmt":"2024-06-28T19:42:51","guid":{"rendered":"https:\/\/constantinecymbalsspain.es\/?post_type=product&#038;p=466"},"modified":"2026-01-11T22:59:24","modified_gmt":"2026-01-11T21:59:24","slug":"crash-21-constantine-black-pearl-series","status":"publish","type":"product","link":"https:\/\/constantinecymbalsspain.es\/?product=crash-21-constantine-black-pearl-series","title":{"rendered":"Ride 21&#8243; Constantine Black Pearl Series 2400gr."},"content":{"rendered":"<p>Black Pearl Series es una serie de acabado raw suave y oscurecida con borde y campana brillante con un martillado muy regular y sin surcos torneados. Elaborado con bronce B20 martillado a mano en Turqu\u00eda. Su sonido es muy equilibrado, sin estridencias, oscuro pero con presencia y un sonido muy n\u00edtido. Ya sea que est\u00e9 tocando jazz, pop, flamenco o folk, la Black Pearl Series le proporcionar\u00e1 el sonido deseado.<\/p>\n","protected":false},"excerpt":{"rendered":"<p>Black Pearl Series es una serie de acabado raw suave y oscurecida con borde y campana brillante con un martillado muy regular y sin surcos torneados. Elaborado con bronce B20 martillado a mano en Turqu\u00eda. Su sonido es muy equilibrado, sin estridencias, oscuro pero con presencia y un sonido muy n\u00edtido. Ya sea que est\u00e9 [&hellip;]<\/p>\n","protected":false},"featured_media":174,"comment_status":"open","ping_status":"closed","template":"","meta":{"wds_primary_product_brand":0,"wds_primary_product_cat":0},"product_brand":[74],"product_cat":[24,39,18],"product_tag":[],"class_list":{"0":"post-466","1":"product","2":"type-product","3":"status-publish","4":"has-post-thumbnail","6":"product_brand-constantine","7":"product_cat-24","8":"product_cat-black-pearl-series","9":"product_cat-ride","11":"first","12":"outofstock","13":"taxable","14":"shipping-taxable","15":"purchasable","16":"product-type-simple"},"jetpack_sharing_enabled":true,"_links":{"self":[{"href":"https:\/\/constantinecymbalsspain.es\/index.php?rest_route=\/wp\/v2\/product\/466","targetHints":{"allow":["GET"]}}],"collection":[{"href":"https:\/\/constantinecymbalsspain.es\/index.php?rest_route=\/wp\/v2\/product"}],"about":[{"href":"https:\/\/constantinecymbalsspain.es\/index.php?rest_route=\/wp\/v2\/types\/product"}],"replies":[{"embeddable":true,"href":"https:\/\/constantinecymbalsspain.es\/index.php?rest_route=%2Fwp%2Fv2%2Fcomments&post=466"}],"wp:featuredmedia":[{"embeddable":true,"href":"https:\/\/constantinecymbalsspain.es\/index.php?rest_route=\/wp\/v2\/media\/174"}],"wp:attachment":[{"href":"https:\/\/constantinecymbalsspain.es\/index.php?rest_route=%2Fwp%2Fv2%2Fmedia&parent=466"}],"wp:term":[{"taxonomy":"product_brand","embeddable":true,"href":"https:\/\/constantinecymbalsspain.es\/index.php?rest_route=%2Fwp%2Fv2%2Fproduct_brand&post=466"},{"taxonomy":"product_cat","embeddable":true,"href":"https:\/\/constantinecymbalsspain.es\/index.php?rest_route=%2Fwp%2Fv2%2Fproduct_cat&post=466"},{"taxonomy":"product_tag","embeddable":true,"href":"https:\/\/constantinecymbalsspain.es\/index.php?rest_route=%2Fwp%2Fv2%2Fproduct_tag&post=466"}],"curies":[{"name":"wp","href":"https:\/\/api.w.org\/{rel}","templated":true}]}}