{"id":475,"date":"2024-06-29T01:03:05","date_gmt":"2024-06-29T00:03:05","guid":{"rendered":"https:\/\/constantinecymbalsspain.es\/?post_type=product&#038;p=475"},"modified":"2025-10-13T22:11:30","modified_gmt":"2025-10-13T21:11:30","slug":"ride-22-constantine-world-series-extra-thin","status":"publish","type":"product","link":"https:\/\/constantinecymbalsspain.es\/?product=ride-22-constantine-world-series-extra-thin","title":{"rendered":"Ride 22&#8243; Constantine Turk Master Series Thin"},"content":{"rendered":"<p>La Turk Master Series tiene un aspecto rudo con un martillado extra sumado a\u00a0 otro mas grande intercalado m\u00e1s seis zonas de martillado extra\u00a0 que queda mas hundido y unos surcos superficiales en el torno. Elaborado con bronce B20 martillado a mano en Turqu\u00eda, este platillo es de sonido oscuro y seco, con su sustain medio\/corto lo convierten en el complemento de un m\u00fasico que no se conforma con un plato est\u00e1ndar y quiere sonido mas seco y con unos matices muy ricos y complejos. Ya sea que est\u00e9 tocando jazz, electr\u00f3nica, experimental,&#8230; la Turk Master Series\u00a0 le puede aportar el sonido deseado.<\/p>\n","protected":false},"excerpt":{"rendered":"<p>La Turk Master Series tiene un aspecto rudo con un martillado extra sumado a\u00a0 otro mas grande intercalado m\u00e1s seis zonas de martillado extra\u00a0 que queda mas hundido y unos surcos superficiales en el torno. Elaborado con bronce B20 martillado a mano en Turqu\u00eda, este platillo es de sonido oscuro y seco, con su sustain [&hellip;]<\/p>\n","protected":false},"featured_media":538,"comment_status":"open","ping_status":"closed","template":"","meta":{"wds_primary_product_brand":0,"wds_primary_product_cat":0},"product_brand":[74],"product_cat":[51,18,65],"product_tag":[],"class_list":{"0":"post-475","1":"product","2":"type-product","3":"status-publish","4":"has-post-thumbnail","6":"product_brand-constantine","7":"product_cat-51","8":"product_cat-ride","9":"product_cat-turk-master-series","11":"first","12":"instock","13":"taxable","14":"shipping-taxable","15":"purchasable","16":"product-type-simple"},"jetpack_sharing_enabled":true,"_links":{"self":[{"href":"https:\/\/constantinecymbalsspain.es\/index.php?rest_route=\/wp\/v2\/product\/475","targetHints":{"allow":["GET"]}}],"collection":[{"href":"https:\/\/constantinecymbalsspain.es\/index.php?rest_route=\/wp\/v2\/product"}],"about":[{"href":"https:\/\/constantinecymbalsspain.es\/index.php?rest_route=\/wp\/v2\/types\/product"}],"replies":[{"embeddable":true,"href":"https:\/\/constantinecymbalsspain.es\/index.php?rest_route=%2Fwp%2Fv2%2Fcomments&post=475"}],"wp:featuredmedia":[{"embeddable":true,"href":"https:\/\/constantinecymbalsspain.es\/index.php?rest_route=\/wp\/v2\/media\/538"}],"wp:attachment":[{"href":"https:\/\/constantinecymbalsspain.es\/index.php?rest_route=%2Fwp%2Fv2%2Fmedia&parent=475"}],"wp:term":[{"taxonomy":"product_brand","embeddable":true,"href":"https:\/\/constantinecymbalsspain.es\/index.php?rest_route=%2Fwp%2Fv2%2Fproduct_brand&post=475"},{"taxonomy":"product_cat","embeddable":true,"href":"https:\/\/constantinecymbalsspain.es\/index.php?rest_route=%2Fwp%2Fv2%2Fproduct_cat&post=475"},{"taxonomy":"product_tag","embeddable":true,"href":"https:\/\/constantinecymbalsspain.es\/index.php?rest_route=%2Fwp%2Fv2%2Fproduct_tag&post=475"}],"curies":[{"name":"wp","href":"https:\/\/api.w.org\/{rel}","templated":true}]}}